{"id":88082135931,"date":"2026-03-25T23:00:30","date_gmt":"2026-03-25T23:00:30","guid":{"rendered":"https:\/\/triasconi.ro\/product\/statie-osmoza-inversa-valhoh-cu-pompa-si-600gpd-q158l-min-valrom\/"},"modified":"2026-03-25T23:00:40","modified_gmt":"2026-03-25T23:00:40","slug":"statie-osmoza-inversa-valhoh-cu-pompa-si-600gpd-q158l-min-valrom","status":"publish","type":"product","link":"https:\/\/triasconi.ro\/ro\/produs\/statie-osmoza-inversa-valhoh-cu-pompa-si-600gpd-q158l-min-valrom\/","title":{"rendered":"STATIE OSMOZA INVERSA VALHOH CU POMPA SI 600GPD Q=1,58L\/min &#8211; VALROM"},"content":{"rendered":"<section class=\"up-sells upsells products\" style=\"font-family: &quot;Didact Gothic&quot;, sans-serif; font-size: 16px; line-height: inherit; border: 0px; outline: 0px; overflow-wrap: break-word; color: rgb(0, 44, 128);\">\n<h2 style=\"font-family: inherit; font-size: 30px; line-height: 1.05em; border: 0px; outline: 0px; overflow-wrap: break-word; margin-top: 1.8em; margin-bottom: 0.63em; color: rgb(0, 102, 161);\">\t\t<span style=\"color: rgb(0, 44, 128); font-size: 16px;\">STATIE OSMOZA INVERSA POMPA 600GPD<\/span><\/h2>\n<p style=\"font-size: 16px; line-height: inherit; border: 0px; outline: 0px; overflow-wrap: break-word; margin: 0px; color: rgb(0, 44, 128);\">\t\tAvand la baza principiul separarii prin osmoza inversa aparatul poate genera apa de baut de cea mai inalta calitate.<br \/>\t\tGenereaza un debit de apa purificata care permite utilizarea sa fara vas de stocare. Poate reduce concentratiile substantelor dizolvate in apa cu pana la la 96%.<br \/>\t\tStatia este utila in special alaturi de expresoare de cafea.<br \/>\t\tUtilizare:<br \/>\t\tFoloseste o membrana semipermeabila pentru a reduce concentratiile de ioni si molecule in apa.<br \/>\t\tPotrivita pentru aplicatii casnice cat si HORECA.<br \/>\t\tCaracteristici:<br \/>\t\t&bull; Sistem compact fara rezervor<br \/>\t\t&bull; Producerea apei se face in momentul consumului la debit de apa ridicat (1.58L\/min)<br \/>\t\t&bull; Instalare si conectare rapida.<br \/>\t\t&bull; Capac transparent care permite vizualizarea modului de functionare.<br \/>\t\t&bull; Conceput cu cartuse de unica folosinta si instructiuni simple pentru inlocuire.<br \/>\t\t&bull; Are un sistem vizual de informare a duratei de utilizare a filtrelor.<br \/>\t\t&bull; Conexiuni complexe integrate intr-un colector, reduce riscul pierderilor de apa.<br \/>\t\t&bull; Tehnologie eficienta de economisire a apei, permite economie la factura de apa.<br \/>\t\t&bull; Sistemul se opreste automat in caz de neetanseitate.<br \/>\t\t&bull; Afisajul inteligent va continua sa clipeasca impreuna cu semnalul sonor al alarmei.<br \/>\t\tFunc\u021bionare:<br \/>\t\tRecomandata pentru filtrarea apei de la sistemul public de alimentare cat si a apei din put.<br \/>\t\tSTATIE OSMOZA INVERSA POMPA 600GPD se monteaza la punctul de consum.<br \/>\t\tTreapta 1 &ndash; Cartus pentru sedimente &ndash; 5 microni. Filtreaza particule pana la 5 micron<br \/>\t\tTreapta 2 &ndash; Cartus de carbune activ bloc &ndash; CTO. Reduce concentratie de clor rezidual, imbunatateste gustul si mirosul<br \/>\t\tTreapta 3 &ndash; Membran\u0103 osmoz\u0103 invers\u0103 &ndash; 600 GPD. Membrana care realizeaza reducerea concentratiilor cu aproximativ 90% a substantelor dizolvate in apa<br \/>\t\tTreapta 4- Cartus de carbune activ bloc &ndash; CTO. Imbunatateste gustul si mirosul<br \/>\t\tConsumabile:<br \/>\t\tProdusul este &icirc;nso\u021bit de:<br \/>\t\t1. Cartu\u0219 sedimente RO-600; Cod produs: 87220370601<br \/>\t\t2. Cartus carbune activ RO-600; Cod Produs: 87220370602<br \/>\t\t3. Membran\u0103 osmoz\u0103 invers\u0103 RO-600; Cod Produs: 87220370603<br \/>\t\t4. Postcartu\u0219 de c\u0103rbune activ RO-600; Cod Produs: 87220370604<br \/>\t\t5. Alimentator RO-600; Cod Produs: 87220370606<\/p>\n<p style=\"font-size: 16px; line-height: inherit; border: 0px; outline: 0px; overflow-wrap: break-word; margin: 0px; color: rgb(0, 44, 128);\">\t\t&nbsp;<\/p>\n<p style=\"line-height: inherit; border: 0px; outline: 0px; overflow-wrap: break-word; margin: 0px;\">\t\t<img loading=\"lazy\" decoding=\"async\" alt=\"\" class=\"alignnone wp-image-52136\" height=\"106\" sizes=\"auto, (max-width: 702px) 100vw, 702px\" src=\"https:\/\/aqua-pur.ro\/wp-content\/uploads\/2019\/07\/catalog_filtre_Valrom_RO_new_web_1-3-19-1-300x45.png\" srcset=\"https:\/\/aqua-pur.ro\/wp-content\/uploads\/2019\/07\/catalog_filtre_Valrom_RO_new_web_1-3-19-1-300x45.png 300w, https:\/\/aqua-pur.ro\/wp-content\/uploads\/2019\/07\/catalog_filtre_Valrom_RO_new_web_1-3-19-1-1024x155.png 1024w, https:\/\/aqua-pur.ro\/wp-content\/uploads\/2019\/07\/catalog_filtre_Valrom_RO_new_web_1-3-19-1-768x116.png 768w, https:\/\/aqua-pur.ro\/wp-content\/uploads\/2019\/07\/catalog_filtre_Valrom_RO_new_web_1-3-19-1-320x48.png 320w, https:\/\/aqua-pur.ro\/wp-content\/uploads\/2019\/07\/catalog_filtre_Valrom_RO_new_web_1-3-19-1-1536x232.png 1536w, https:\/\/aqua-pur.ro\/wp-content\/uploads\/2019\/07\/catalog_filtre_Valrom_RO_new_web_1-3-19-1-370x56.png 370w, https:\/\/aqua-pur.ro\/wp-content\/uploads\/2019\/07\/catalog_filtre_Valrom_RO_new_web_1-3-19-1-760x115.png 760w, https:\/\/aqua-pur.ro\/wp-content\/uploads\/2019\/07\/catalog_filtre_Valrom_RO_new_web_1-3-19-1-600x91.png 600w, https:\/\/aqua-pur.ro\/wp-content\/uploads\/2019\/07\/catalog_filtre_Valrom_RO_new_web_1-3-19-1-64x10.png 64w, https:\/\/aqua-pur.ro\/wp-content\/uploads\/2019\/07\/catalog_filtre_Valrom_RO_new_web_1-3-19-1.png 1630w\" style=\"max-width: 100%; height: auto; vertical-align: top; margin-bottom: 0px;\" width=\"702\" \/><\/p>\n<p style=\"line-height: inherit; border: 0px; outline: 0px; overflow-wrap: break-word; margin: 0.5em 0px 0px;\">\t\t&nbsp;<\/p>\n<p style=\"font-size: 16px; line-height: inherit; border: 0px; outline: 0px; overflow-wrap: break-word; margin: 0px; color: rgb(0, 44, 128);\">\t\tAten\u021bie!<br \/>\t\tPeriodic este recomandat\u0103 dezinfectarea sursei de ap\u0103, a instala\u021biei. Este recomandat\u0103 dezinfectarea \u0219i a &icirc;ntregului sistem de osmoz\u0103 invers\u0103.<br \/>\t\tSta\u021bia are nevoie de conectare la canalizare.<br \/>\t\tProiectat\u0103 pentru a fi montat\u0103 &icirc;n incinte protejate de &icirc;nghe\u021b, temperaturi excesive.<br \/>\t\tRecomandat NUMAI pentru circuitele de alimentare cu ap\u0103 rece.<\/p>\n<\/section>\n<p>Cantitate colet=1|UM colete=PIECE|Deseuri Electronice=4.4|Tip articol=STATIE OSMOZA|Cod vamal=84212100|Cod CPV=CPV 45232430-5<\/p>","protected":false},"excerpt":{"rendered":"<p>Avand la baza principiul separarii prin osmoza inversa, poate genera apa de baut de cea mai inalta calitate. Are capacitatea de a genera un debit de apa purificata care permite utilizarea sa fara vas de stocare. Poate reduce concentratiile substantelor dizolvate in apa cu pana la la 96%. Utila in special alaturi de espressoare de cafea.Parametri de lucru:-Presiune: 1 &#8211; 4 bari-Temperatura apei: 5 &#8211; 38C-Umiditate ambient: =90%Parametrii apei de alimentare:Pentru o buna functionare a statiei, calitatea apei la intrarea in aceasta trebuie controlata din punct de vedere al continutului de:-PH: 6,5-8,5-TDS:1500 ppm-Turbiditate: 1 NTU-Clor liber: 0,1 mg\/l-Fier: 0,3 mg\/l-Mangan: 0,1 mg\/l-Hidrogen sulfurat: 0 ppm-Hidrocarburi: 0 ppmDaca apa de alimentare nu indeplineste aceste cerinte, durata de viata a membranei si a cartuselor de prefiltrare poate fi scurtata. Daca alimentarea se face cu apa din put, efectuati o analiza a apei inainte de instalarea unui sistem de filtrare cu osmoza inversa. in aceasta situatie se recomanda contactarea unui specialist.Caracteristici:Sistem compact fara rezervor, cu producerea apei in momentul consumului la debit de apa ridicat (1.58L\/min), instalare si conectare rapida.Capac transparent care permite vizualizarea modului de functionare.Conceput cu cartuse de unica folosinta si instructiuni simple pentru inlocuire.In plus, are un sistem vizual de informare a duratei de utilizare a filtrelor.Conexiuni complexe integrate intr-un colector, reduce riscul pierderilor de apa.Tehnologie eficienta de economisire a apei, permite economie la factura de apa.Sistemul se opreste automat in caz de neetanseitate, afisajul inteligent va continua sa clipeasca impreuna cu semnalul sonor al alarmei. Utilizare: Recomandata pentru filtrarea apei de la sistemul public de alimentare dar si a apei din put. Se monteaza la punctul de consum (POU ex: sub chiuveta)Functionare: 4 scarade tratare:-treapta 1 &#8211; filtru sedimente 5 microni.-treapta 2 &#8211; filtru Pre Carbon Block.-treapta 3 &#8211; membrana osmoza inversa.-treapta 4 &#8211; filtru Post Carbon Block.Atentie!-Acolo unde sursa de apa este nesigura din punct de vedere microbiologic, periodic este recomandata dezinfectarea sursei de apa, a instalatiei dar si a intregului sistem de osmoza inversa.-Statia are nevoie de conectare la canalizare.-Proiectata pentru a fi montata in incinte protejate de inghet, temperaturi excesive.-Recomandata NUMAI pentru circuitele de alimentare cu apa rece., ,<\/p>","protected":false},"featured_media":88082121819,"comment_status":"closed","ping_status":"open","template":"","meta":{"_acf_changed":false,"content-type":"","_themeisle_gutenberg_block_has_review":false},"pwb-brand":[],"product_brand":[3671],"product_cat":[1026,4012,3762,4008],"product_tag":[],"class_list":{"0":"post-88082135931","1":"product","2":"type-product","3":"status-publish","4":"has-post-thumbnail","6":"product_brand-valhoh","7":"product_cat-filtrare","8":"product_cat-filtre-sisteme-filtrare-apa","9":"product_cat-statii-osmoza","10":"product_cat-valhoh","12":"first","13":"instock","14":"taxable","15":"shipping-taxable","16":"purchasable","17":"product-type-simple"},"acf":[],"brands":[],"_links":{"self":[{"href":"https:\/\/triasconi.ro\/ro\/wp-json\/wp\/v2\/product\/88082135931","targetHints":{"allow":["GET"]}}],"collection":[{"href":"https:\/\/triasconi.ro\/ro\/wp-json\/wp\/v2\/product"}],"about":[{"href":"https:\/\/triasconi.ro\/ro\/wp-json\/wp\/v2\/types\/product"}],"replies":[{"embeddable":true,"href":"https:\/\/triasconi.ro\/ro\/wp-json\/wp\/v2\/comments?post=88082135931"}],"wp:featuredmedia":[{"embeddable":true,"href":"https:\/\/triasconi.ro\/ro\/wp-json\/wp\/v2\/media\/88082121819"}],"wp:attachment":[{"href":"https:\/\/triasconi.ro\/ro\/wp-json\/wp\/v2\/media?parent=88082135931"}],"wp:term":[{"taxonomy":"pwb-brand","embeddable":true,"href":"https:\/\/triasconi.ro\/ro\/wp-json\/wp\/v2\/pwb-brand?post=88082135931"},{"taxonomy":"product_brand","embeddable":true,"href":"https:\/\/triasconi.ro\/ro\/wp-json\/wp\/v2\/product_brand?post=88082135931"},{"taxonomy":"product_cat","embeddable":true,"href":"https:\/\/triasconi.ro\/ro\/wp-json\/wp\/v2\/product_cat?post=88082135931"},{"taxonomy":"product_tag","embeddable":true,"href":"https:\/\/triasconi.ro\/ro\/wp-json\/wp\/v2\/product_tag?post=88082135931"}],"curies":[{"name":"wp","href":"https:\/\/api.w.org\/{rel}","templated":true}]}}