{"id":88082135930,"date":"2026-03-25T23:00:30","date_gmt":"2026-03-25T23:00:30","guid":{"rendered":"https:\/\/triasconi.ro\/product\/statie-osmoza-inversa-valhoh-cu-mineralizare-si-pompa-valrom\/"},"modified":"2026-03-25T23:00:40","modified_gmt":"2026-03-25T23:00:40","slug":"statie-osmoza-inversa-valhoh-cu-mineralizare-si-pompa-valrom","status":"publish","type":"product","link":"https:\/\/triasconi.ro\/ro\/produs\/statie-osmoza-inversa-valhoh-cu-mineralizare-si-pompa-valrom\/","title":{"rendered":"STATIE OSMOZA INVERSA VALHOH CU MINERALIZARE SI POMPA &#8211; VALROM"},"content":{"rendered":"<p>\tSTATIE OSMOZA INVERSA MINERALIZARE POMPA<\/p>\n<p>\tAv&acirc;nd la baz\u0103 principiul separ\u0103rii prin osmoz\u0103 invers\u0103 poate genera ap\u0103 de b\u0103ut de cea mai &icirc;nalt\u0103 calitate.<br \/>\tUtilizare:<br \/>\tStatie osmoza inversa mineralizare pompa este recomandat\u0103 pentru filtrarea apei de la sistemul public de alimentare dar \u0219i a apei din pu\u021b.<br \/>\tSe monteaz\u0103 la punctul de consum (POU ex: sub chiuvet\u0103). Poate genera p&acirc;n\u0103 la 190 litri de ap\u0103 pur\u0103 pentru b\u0103ut \u0219i g\u0103tit, &icirc;n 24 de ore.<\/p>\n<p>\tFunc\u021bionare:<br \/>\t6 trepte de tratare cu pomp\u0103 (P):<br \/>\ttreapta 1 &ndash; cartu\u015f cu c\u0103rbune activ bloc;<br \/>\ttreapta 2 &ndash; c\u0103rbune activ granular;<br \/>\ttreapta 3 &ndash; filtru sedimente 1 &mu;m;<br \/>\ttreapta 4 &ndash; membran\u0103 osmoz\u0103 invers\u0103;<br \/>\ttreapta 5 &ndash; filtru c\u0103rbune din nuc\u0103 de cocos;<br \/>\ttreapta 6 &ndash; cartu\u0219 cu minerale.<\/p>\n<p>\tAten\u021bie!<br \/>\tAcolo unde sursa de ap\u0103 este nesigur\u0103 din punct de vedere microbiologic, periodic este recomandat\u0103 dezinfectarea sursei de ap\u0103, a instala\u021biei. Este recomandat\u0103 dezinfectarea \u0219i a &icirc;ntregului sistem de osmoz\u0103 invers\u0103.<br \/>\tSta\u021bia are nevoie de conectare la canalizare.<br \/>\tProiectat\u0103 pentru a fi montat\u0103 &icirc;n incinte protejate de &icirc;nghe\u021b, temperaturi excesive.<br \/>\tRecomandat NUMAI pentru circuitele de alimentare cu ap\u0103 rece.<\/p>\n<p>\tInclus in pachetul livrat:<\/p>\n<p>\tSistem de osmoza cu 6 trepte de filtrare si suport metalic autoportant, rezervor tampon de 12 L, conector de bransare la reteaua de apa, robinet de izolare, tuburi pentru conectare, baterie de apa filtrata, cheie pentru filtre, cheie pentru carcasa membrana, piesa de bransare pentru conectare la canalizare, pompa montata pe suportul cu filtre, instructiuni de utilizare si montaj<\/p>\n<p>\tPentru mai multe informatii accesati linkurile de mai jos.<\/p>\n<p>\t<a href=\"https:\/\/valrom.ro\/wp-content\/uploads\/2021\/02\/Brosura_osmoza_all.pdf\">Brosura Osmoza<\/a><br \/>\t<a href=\"https:\/\/valrom.ro\/wp-content\/uploads\/2021\/02\/catalog_filtre_Valrom_RO_new_web_1.pdf\">Catalog Filtrare<\/a><br \/>\t<a href=\"https:\/\/valrom.ro\/wp-content\/uploads\/2021\/02\/Filtre-apa-AquaPur-Valrom.pdf\">Agrement tehnic<\/a><\/p>\n<p>\t&nbsp;<\/p>\n<p>Cantitate colet=1|UM colete=PIECE|Ambalare=CUTIE DIN CARTON|Deseuri Electronice=5.9|Tip articol=STATIE OSMOZA|Perioada garantie=24 Luni|Durata estimata de viata=5 Ani|Cod vamal=84212100|Cod CPV=CPV 45232430-5<\/p>","protected":false},"excerpt":{"rendered":"<p>Avand la baza principiul separarii prin osmoza inversa, poate genera apa de baut de cea mai inalta calitate. Utilizare: Recomandata pentru filtrarea apei de la sistemul public de alimentare dar si a apei din put. Se monteaza la punctul de consum (POU ex: sub chiuveta) si poate genera pana la 190 litri de apa pura pentru baut si gatit, in 24 de ore. Functionare: 6 scarade tratare fara pompa: otreapta 1 &#8211; cartus cu carbune activ bloc. otreapta 2 &#8211; carbune activ granular. otreapta 3 &#8211; filtru sedimente 1 m. otreapta 4 &#8211; membrana osmoza inversa. otreapta 5 &#8211; filtru carbune din nuca de cocos. otreapta 6 &#8211; cartus cu minerale. Parametrii apei de alimentare: Pentru o buna functionare a statiei, calitatea apei la intrarea in aceasta trebuie controlata din punct de vedere al continutului de: oPH: 6,5-8,5 oTDS: (1500 ppm oDuritate: 280dH oClor liber: (0,5 ppm oFier: (0,3 pm oMangan: (0,1 ppm oCCO: (0,5 ppm O2 oE.coli: (3 oTotal colonii bacterii: (50 CFU\/mL Daca apa de alimentare nu indeplineste aceste cerinte, durata de viata a membranei si a cartuselor de prefiltrare poate fi scurtata. Daca alimentarea se face cu apa din put, efectuati o analiza a apei inainte de instalarea unui sistem de filtrare cu osmoza inversa. in aceasta situatie se recomanda contactarea unui specialist. Atentie! oAcolo unde sursa de apa este nesigura din punct de vedere microbiologic, periodic este recomandata dezinfectarea sursei de apa, a instalatiei dar si a intregului sistem de osmoza inversa. oStatia are nevoie de conectare la canalizare. oProiectata pentru a fi montata in incinte protejate de inghet, temperaturi excesive. oRecomandata NUMAI pentru circuitele de alimentare cu apa rece., 24 Luni,<\/p>","protected":false},"featured_media":88082121817,"comment_status":"closed","ping_status":"open","template":"","meta":{"_acf_changed":false,"content-type":"","_themeisle_gutenberg_block_has_review":false},"pwb-brand":[],"product_brand":[3671],"product_cat":[1026,4012,3762,4008],"product_tag":[],"class_list":{"0":"post-88082135930","1":"product","2":"type-product","3":"status-publish","4":"has-post-thumbnail","6":"product_brand-valhoh","7":"product_cat-filtrare","8":"product_cat-filtre-sisteme-filtrare-apa","9":"product_cat-statii-osmoza","10":"product_cat-valhoh","12":"first","13":"instock","14":"taxable","15":"shipping-taxable","16":"purchasable","17":"product-type-simple"},"acf":[],"brands":[],"_links":{"self":[{"href":"https:\/\/triasconi.ro\/ro\/wp-json\/wp\/v2\/product\/88082135930","targetHints":{"allow":["GET"]}}],"collection":[{"href":"https:\/\/triasconi.ro\/ro\/wp-json\/wp\/v2\/product"}],"about":[{"href":"https:\/\/triasconi.ro\/ro\/wp-json\/wp\/v2\/types\/product"}],"replies":[{"embeddable":true,"href":"https:\/\/triasconi.ro\/ro\/wp-json\/wp\/v2\/comments?post=88082135930"}],"wp:featuredmedia":[{"embeddable":true,"href":"https:\/\/triasconi.ro\/ro\/wp-json\/wp\/v2\/media\/88082121817"}],"wp:attachment":[{"href":"https:\/\/triasconi.ro\/ro\/wp-json\/wp\/v2\/media?parent=88082135930"}],"wp:term":[{"taxonomy":"pwb-brand","embeddable":true,"href":"https:\/\/triasconi.ro\/ro\/wp-json\/wp\/v2\/pwb-brand?post=88082135930"},{"taxonomy":"product_brand","embeddable":true,"href":"https:\/\/triasconi.ro\/ro\/wp-json\/wp\/v2\/product_brand?post=88082135930"},{"taxonomy":"product_cat","embeddable":true,"href":"https:\/\/triasconi.ro\/ro\/wp-json\/wp\/v2\/product_cat?post=88082135930"},{"taxonomy":"product_tag","embeddable":true,"href":"https:\/\/triasconi.ro\/ro\/wp-json\/wp\/v2\/product_tag?post=88082135930"}],"curies":[{"name":"wp","href":"https:\/\/api.w.org\/{rel}","templated":true}]}}