{"id":88082135929,"date":"2026-03-25T23:00:30","date_gmt":"2026-03-25T23:00:30","guid":{"rendered":"https:\/\/triasconi.ro\/product\/statie-osmoza-inversa-valhoh-cu-mineralizare-valrom\/"},"modified":"2026-03-25T23:00:39","modified_gmt":"2026-03-25T23:00:39","slug":"statie-osmoza-inversa-valhoh-cu-mineralizare-valrom","status":"publish","type":"product","link":"https:\/\/triasconi.ro\/ro\/produs\/statie-osmoza-inversa-valhoh-cu-mineralizare-valrom\/","title":{"rendered":"STATIE OSMOZA INVERSA VALHOH CU MINERALIZARE &#8211; VALROM"},"content":{"rendered":"<p class=\"western\" style=\"font-family: &quot;Didact Gothic&quot;, sans-serif; font-size: 16px; line-height: inherit; border: 0px; outline: 0px; overflow-wrap: break-word; margin: 0.5em 0px 0px; color: rgb(0, 44, 128);\">\t<span style=\"font-family: Arial, sans-serif; line-height: inherit; font-weight: inherit; font-style: inherit; border: 0px; outline: 0px; overflow-wrap: break-word; margin-bottom: 0px; color: rgb(0, 0, 0);\"><span style=\"font-family: inherit; font-size: small; line-height: inherit; font-weight: inherit; font-style: inherit; border: 0px; outline: 0px; overflow-wrap: break-word; margin-bottom: 0px;\"><b style=\"color: inherit; margin-bottom: 0px;\">Utilizare:<\/b><\/span><\/span><br \/>\t<span style=\"font-family: inherit; font-size: small; font-style: inherit; font-weight: inherit; color: rgb(0, 0, 0);\">STATIE OSMOZA INVERSA MINERALIZARE este recomandat\u0103 pentru filtrarea apei de la sistemul public de alimentare dar \u0219i a apei din pu\u021b.<\/span><br \/>\t<span style=\"font-family: inherit; font-size: small; font-style: inherit; font-weight: inherit; color: rgb(0, 0, 0);\">Se monteaz\u0103 la punctul de consum (POU ex: sub chiuvet\u0103) \u0219i poate genera pan\u0103 la 190 litri de ap\u0103 pur\u0103 pentru b\u0103ut \u0219i g\u0103tit, in 24 de ore.<\/span><br \/>\t<b style=\"font-family: inherit; font-size: small; font-style: inherit; color: inherit; margin-bottom: 0px;\">Func\u021bionare:<\/b><br \/>\t<span style=\"font-family: inherit; font-size: small; font-style: inherit; font-weight: inherit; color: rgb(0, 0, 0);\">6 trepte de tratare cu pomp\u0103 (P):<\/span><\/p>\n<ul style=\"font-family: &quot;Didact Gothic&quot;, sans-serif; font-size: 16px; line-height: inherit; border: 0px; outline: 0px; overflow-wrap: break-word; padding-left: 1.5em; margin-top: 0em; margin-bottom: 1.25em; color: rgb(0, 44, 128);\">\n<li class=\"western\" style=\"font-family: inherit; line-height: inherit; font-weight: inherit; font-style: inherit; border: 0px; outline: 0px; overflow-wrap: break-word;\">\t\t<span style=\"font-family: Arial, sans-serif; line-height: inherit; font-weight: inherit; font-style: inherit; border: 0px; outline: 0px; overflow-wrap: break-word; margin-bottom: 0px; color: rgb(0, 0, 0);\"><span style=\"font-family: inherit; font-size: small; line-height: inherit; font-weight: inherit; font-style: inherit; border: 0px; outline: 0px; overflow-wrap: break-word; margin-bottom: 0px;\">treapta 1 &ndash; cartu\u015f cu c\u0103rbune activ bloc;<\/span><\/span><\/li>\n<li class=\"western\" style=\"font-family: inherit; line-height: inherit; font-weight: inherit; font-style: inherit; border: 0px; outline: 0px; overflow-wrap: break-word;\">\t\t<span style=\"font-family: Arial, sans-serif; line-height: inherit; font-weight: inherit; font-style: inherit; border: 0px; outline: 0px; overflow-wrap: break-word; margin-bottom: 0px; color: rgb(0, 0, 0);\"><span style=\"font-family: inherit; font-size: small; line-height: inherit; font-weight: inherit; font-style: inherit; border: 0px; outline: 0px; overflow-wrap: break-word; margin-bottom: 0px;\">treapta 2 &ndash; c\u0103rbune activ granular;<\/span><\/span><\/li>\n<li class=\"western\" style=\"font-family: inherit; line-height: inherit; font-weight: inherit; font-style: inherit; border: 0px; outline: 0px; overflow-wrap: break-word;\">\t\t<span style=\"font-family: Arial, sans-serif; line-height: inherit; font-weight: inherit; font-style: inherit; border: 0px; outline: 0px; overflow-wrap: break-word; margin-bottom: 0px; color: rgb(0, 0, 0);\"><span style=\"font-family: inherit; font-size: small; line-height: inherit; font-weight: inherit; font-style: inherit; border: 0px; outline: 0px; overflow-wrap: break-word; margin-bottom: 0px;\">treapta 3 &ndash; filtru sedimente 1 &mu;m;<\/span><\/span><\/li>\n<li class=\"western\" style=\"font-family: inherit; line-height: inherit; font-weight: inherit; font-style: inherit; border: 0px; outline: 0px; overflow-wrap: break-word;\">\t\t<span style=\"font-family: Arial, sans-serif; line-height: inherit; font-weight: inherit; font-style: inherit; border: 0px; outline: 0px; overflow-wrap: break-word; margin-bottom: 0px; color: rgb(0, 0, 0);\"><span style=\"font-family: inherit; font-size: small; line-height: inherit; font-weight: inherit; font-style: inherit; border: 0px; outline: 0px; overflow-wrap: break-word; margin-bottom: 0px;\">treapta 4 &ndash; membran\u0103 osmoz\u0103 invers\u0103;<\/span><\/span><\/li>\n<li class=\"western\" style=\"font-family: inherit; line-height: inherit; font-weight: inherit; font-style: inherit; border: 0px; outline: 0px; overflow-wrap: break-word;\">\t\t<span style=\"font-family: Arial, sans-serif; line-height: inherit; font-weight: inherit; font-style: inherit; border: 0px; outline: 0px; overflow-wrap: break-word; margin-bottom: 0px; color: rgb(0, 0, 0);\"><span style=\"font-family: inherit; font-size: small; line-height: inherit; font-weight: inherit; font-style: inherit; border: 0px; outline: 0px; overflow-wrap: break-word; margin-bottom: 0px;\">treapta 5 &ndash; filtru c\u0103rbune din nuc\u0103 de cocos;<\/span><\/span><\/li>\n<li class=\"western\" style=\"font-family: inherit; line-height: inherit; font-weight: inherit; font-style: inherit; border: 0px; outline: 0px; overflow-wrap: break-word; margin-bottom: 0px;\">\t\t<span style=\"font-family: Arial, sans-serif; line-height: inherit; font-weight: inherit; font-style: inherit; border: 0px; outline: 0px; overflow-wrap: break-word; margin-bottom: 0px; color: rgb(0, 0, 0);\"><span style=\"font-family: inherit; font-size: small; line-height: inherit; font-weight: inherit; font-style: inherit; border: 0px; outline: 0px; overflow-wrap: break-word; margin-bottom: 0px;\">treapta 6 &ndash; cartu\u0219 cu minerale.<\/span><\/span><\/li>\n<\/ul>\n<p class=\"western\" style=\"font-family: &quot;Didact Gothic&quot;, sans-serif; font-size: 16px; line-height: inherit; border: 0px; outline: 0px; overflow-wrap: break-word; margin: 0px; color: rgb(0, 44, 128);\">\t<span style=\"font-family: Arial, sans-serif; line-height: inherit; font-weight: inherit; font-style: inherit; border: 0px; outline: 0px; overflow-wrap: break-word; margin-bottom: 0px; color: rgb(0, 0, 0);\"><span style=\"font-family: inherit; font-size: small; line-height: inherit; font-weight: inherit; font-style: inherit; border: 0px; outline: 0px; overflow-wrap: break-word; margin-bottom: 0px;\"><b style=\"color: inherit; margin-bottom: 0px;\">Aten\u021bie!<\/b><\/span><\/span><br \/>\t<span style=\"color: rgb(0, 0, 0); font-style: inherit; font-weight: inherit; font-family: Arial, sans-serif; line-height: inherit; border: 0px; outline: 0px; overflow-wrap: break-word;\"><span style=\"font-family: inherit; font-size: small; line-height: inherit; font-weight: inherit; font-style: inherit; border: 0px; outline: 0px; overflow-wrap: break-word; margin-bottom: 0px;\">Acolo unde sursa de ap\u0103 este nesigur\u0103 din punct de vedere microbiologic, periodic este recomandat\u0103 dezinfectarea&nbsp;<\/span><\/span><span style=\"color: rgb(0, 0, 0); font-style: inherit; font-weight: inherit; font-family: Arial, sans-serif; line-height: inherit; border: 0px; outline: 0px; overflow-wrap: break-word; margin-bottom: 0px;\"><span style=\"font-family: inherit; font-size: small; line-height: inherit; font-weight: inherit; font-style: inherit; border: 0px; outline: 0px; overflow-wrap: break-word; margin-bottom: 0px;\">sursei de ap\u0103, a instala\u021biei dar \u0219i a intregului sistem de osmoz\u0103 invers\u0103.<\/span><\/span><\/p>\n<ul style=\"font-family: &quot;Didact Gothic&quot;, sans-serif; font-size: 16px; line-height: inherit; border: 0px; outline: 0px; overflow-wrap: break-word; padding-left: 1.5em; margin-top: 0em; margin-bottom: 1.25em; color: rgb(0, 44, 128);\">\n<li class=\"western\" style=\"font-family: inherit; line-height: inherit; font-weight: inherit; font-style: inherit; border: 0px; outline: 0px; overflow-wrap: break-word;\">\t\t<span style=\"font-family: Arial, sans-serif; line-height: inherit; font-weight: inherit; font-style: inherit; border: 0px; outline: 0px; overflow-wrap: break-word; margin-bottom: 0px; color: rgb(0, 0, 0);\"><span style=\"font-family: inherit; font-size: small; line-height: inherit; font-weight: inherit; font-style: inherit; border: 0px; outline: 0px; overflow-wrap: break-word; margin-bottom: 0px;\">Sta\u021bia are nevoie de conectare la canalizare.<\/span><\/span><\/li>\n<li class=\"western\" style=\"font-family: inherit; line-height: inherit; font-weight: inherit; font-style: inherit; border: 0px; outline: 0px; overflow-wrap: break-word;\">\t\t<span style=\"font-family: Arial, sans-serif; line-height: inherit; font-weight: inherit; font-style: inherit; border: 0px; outline: 0px; overflow-wrap: break-word; margin-bottom: 0px; color: rgb(0, 0, 0);\"><span style=\"font-family: inherit; font-size: small; line-height: inherit; font-weight: inherit; font-style: inherit; border: 0px; outline: 0px; overflow-wrap: break-word; margin-bottom: 0px;\">Proiectat\u0103 pentru a fi montat\u0103 in incinte protejate de inghe\u021b, temperaturi excesive.<\/span><\/span><\/li>\n<li class=\"western\" style=\"font-family: inherit; line-height: inherit; font-weight: inherit; font-style: inherit; border: 0px; outline: 0px; overflow-wrap: break-word; margin-bottom: 0px;\">\t\t<span style=\"font-family: Arial, sans-serif; line-height: inherit; font-weight: inherit; font-style: inherit; border: 0px; outline: 0px; overflow-wrap: break-word; margin-bottom: 0px; color: rgb(0, 0, 0);\"><span style=\"font-family: inherit; font-size: small; line-height: inherit; font-weight: inherit; font-style: inherit; border: 0px; outline: 0px; overflow-wrap: break-word; margin-bottom: 0px;\">Recomandat NUMAI pentru circuitele de alimentare cu ap\u0103 rece.<\/span><\/span><\/li>\n<\/ul>\n<p class=\"western\" style=\"font-family: &quot;Didact Gothic&quot;, sans-serif; font-size: 16px; line-height: inherit; border: 0px; outline: 0px; overflow-wrap: break-word; margin: 0px; color: rgb(0, 44, 128);\">\t<span style=\"font-family: Arial, sans-serif; line-height: inherit; font-weight: inherit; font-style: inherit; border: 0px; outline: 0px; overflow-wrap: break-word; margin-bottom: 0px; color: rgb(0, 0, 0);\"><span style=\"font-family: inherit; font-size: small; line-height: inherit; font-weight: inherit; font-style: inherit; border: 0px; outline: 0px; overflow-wrap: break-word; margin-bottom: 0px;\">Pentru o bun\u0103 func\u021bionare a sta\u021biei, calitatea apei la intrarea in aceasta trebuie controlat\u0103 din punct de vedere al con\u021binutului de:PH, TDS, Duritate, Clor liber, Fier, Mangan, CCO, E.coli, Total Colonii bacterii.<\/span><\/span><br \/>\t<span style=\"font-family: inherit; font-size: small; font-style: inherit; font-weight: inherit; color: rgb(0, 0, 0);\">Dac\u0103 apa de alimentare nu indepline\u0219te cerin\u021bele specificate, durata de via\u021b\u0103 a membranei \u0219i a cartu\u0219elor de prefiltrare poate fi scurtat\u0103.<\/span><br \/>\t<span style=\"font-family: inherit; font-size: small; font-style: inherit; font-weight: inherit; color: rgb(0, 0, 0);\">Dac\u0103 alimentarea se face cu ap\u0103 din pu\u021b, efectua\u021bi o analiz\u0103 a apei inainte de instalarea unui sistem de filtrare cu osmoz\u0103 invers\u0103.<\/span><br \/>\t<span style=\"font-family: inherit; font-size: small; font-style: inherit; font-weight: inherit; color: rgb(0, 0, 0);\">In aceast\u0103 situa\u021bie se recomand\u0103 contactarea unui specialist.<\/span><br \/>\t<span style=\"font-family: inherit; font-size: small; font-style: inherit; font-weight: inherit; color: rgb(0, 0, 0);\">Pentru mai multe informatii accesati linkurile de mai jos.<\/span><\/p>\n<p class=\"western\" style=\"font-family: &quot;Didact Gothic&quot;, sans-serif; font-size: 16px; line-height: inherit; border: 0px; outline: 0px; overflow-wrap: break-word; margin: 0.5em 0px 0px; color: rgb(0, 44, 128);\">\t<a href=\"https:\/\/valrom.ro\/wp-content\/uploads\/2021\/02\/Brosura_osmoza_all.pdf\"><span style=\"font-family: Arial, sans-serif; line-height: inherit; font-weight: inherit; font-style: inherit; border: 0px; outline: 0px; overflow-wrap: break-word; margin-bottom: 0px; color: rgb(0, 0, 0);\"><span style=\"font-family: inherit; font-size: small; line-height: inherit; font-weight: inherit; font-style: inherit; border: 0px; outline: 0px; overflow-wrap: break-word; margin-bottom: 0px;\">Brosura Osmoza<\/span><\/span><\/a><br \/>\t<a href=\"https:\/\/valrom.ro\/wp-content\/uploads\/2021\/02\/catalog_filtre_Valrom_RO_new_web_1.pdf\">Catalog Filtrare<\/a><br \/>\t<a href=\"https:\/\/valrom.ro\/wp-content\/uploads\/2021\/02\/Filtre-apa-AquaPur-Valrom.pdf\">Agrement tehnic<\/a><\/p>\n<p class=\"western\" style=\"font-family: &quot;Didact Gothic&quot;, sans-serif; font-size: 16px; line-height: inherit; border: 0px; outline: 0px; overflow-wrap: break-word; margin: 0.5em 0px 0px; color: rgb(0, 44, 128);\">\t&nbsp;<\/p>\n<p>Cantitate colet=1|UM colete=PIECE|Ambalare=CUTIE DIN CARTON|Tip articol=STATIE OSMOZA|Perioada garantie=24 Luni|Durata estimata de viata=5 Ani|Cod vamal=84212100|Cod CPV=CPV 45232430-5<\/p>","protected":false},"excerpt":{"rendered":"<p>Avand la baza principiul separarii prin osmoza inversa, poate genera apa de baut de cea mai inalta calitate. Utilizare:Recomandata pentru filtrarea apei de la sistemul public de alimentare dar si a apei din put.Se monteaza la punctul de consum(POU ex: sub chiuveta) si poate genera pana la 190 litri de apa pura pentru baut si gatit, in 24 de ore.Functionare: 6 scarade tratare fara pompa:otreapta 1 &#8211; cartus cu carbune activ bloc.otreapta 2 &#8211; carbune activ granular.otreapta 3 &#8211; filtru sedimente 1 m.otreapta 4 &#8211; membrana osmoza inversa.otreapta 5 &#8211; filtru carbune din nuca de cocos.otreapta 6 &#8211; cartus cu minerale.Parametrii apei de alimentare:Pentru o buna functionare a statiei, calitatea apei la intrarea in aceasta trebuie controlata din punct de vedere al continutuluide:oPH: 6,5-8,5oTDS: (1500 ppmoDuritate: 280dHoClor liber: (0,5 ppmoFier: (0,3 pmoMangan: (0,1 ppmoCCO: (0,5 ppm O2oE.coli: (3oTotal colonii bacterii: (50 CFU\/mLDaca apa de alimentare nu indeplineste aceste cerinte, durata de viata a membranei si a cartuselor de prefiltrare poate fiscurtata.Daca alimentarea se face cu apa din put, efectuati o analiza a apei inainte de instalarea unui sistem de filtrare cu osmozainversa. in aceasta situatie se recomanda contactarea unui specialist.Atentie!oAcolo unde sursa de apa este nesigura din punct de vedere microbiologic, periodic este recomandata dezinfectarea sursei de apa a instalatiei dar si a intregului sistem de osmoza inversa.oStatia are nevoie de conectare la canalizare.oProiectata pentru a fi montata in incinte protejate de inghet, temperaturi excesive.oRecomandata NUMAI pentru circuitele de alimentare cu apa rece., 24 Luni,<\/p>","protected":false},"featured_media":88082121815,"comment_status":"closed","ping_status":"open","template":"","meta":{"_acf_changed":false,"content-type":"","_themeisle_gutenberg_block_has_review":false},"pwb-brand":[],"product_brand":[3671],"product_cat":[1026,4012,3762,4008],"product_tag":[],"class_list":{"0":"post-88082135929","1":"product","2":"type-product","3":"status-publish","4":"has-post-thumbnail","6":"product_brand-valhoh","7":"product_cat-filtrare","8":"product_cat-filtre-sisteme-filtrare-apa","9":"product_cat-statii-osmoza","10":"product_cat-valhoh","12":"first","13":"instock","14":"taxable","15":"shipping-taxable","16":"purchasable","17":"product-type-simple"},"acf":[],"brands":[],"_links":{"self":[{"href":"https:\/\/triasconi.ro\/ro\/wp-json\/wp\/v2\/product\/88082135929","targetHints":{"allow":["GET"]}}],"collection":[{"href":"https:\/\/triasconi.ro\/ro\/wp-json\/wp\/v2\/product"}],"about":[{"href":"https:\/\/triasconi.ro\/ro\/wp-json\/wp\/v2\/types\/product"}],"replies":[{"embeddable":true,"href":"https:\/\/triasconi.ro\/ro\/wp-json\/wp\/v2\/comments?post=88082135929"}],"wp:featuredmedia":[{"embeddable":true,"href":"https:\/\/triasconi.ro\/ro\/wp-json\/wp\/v2\/media\/88082121815"}],"wp:attachment":[{"href":"https:\/\/triasconi.ro\/ro\/wp-json\/wp\/v2\/media?parent=88082135929"}],"wp:term":[{"taxonomy":"pwb-brand","embeddable":true,"href":"https:\/\/triasconi.ro\/ro\/wp-json\/wp\/v2\/pwb-brand?post=88082135929"},{"taxonomy":"product_brand","embeddable":true,"href":"https:\/\/triasconi.ro\/ro\/wp-json\/wp\/v2\/product_brand?post=88082135929"},{"taxonomy":"product_cat","embeddable":true,"href":"https:\/\/triasconi.ro\/ro\/wp-json\/wp\/v2\/product_cat?post=88082135929"},{"taxonomy":"product_tag","embeddable":true,"href":"https:\/\/triasconi.ro\/ro\/wp-json\/wp\/v2\/product_tag?post=88082135929"}],"curies":[{"name":"wp","href":"https:\/\/api.w.org\/{rel}","templated":true}]}}