{"id":88082135926,"date":"2026-03-25T23:00:30","date_gmt":"2026-03-25T23:00:30","guid":{"rendered":"https:\/\/triasconi.ro\/product\/filtru-micron-horeca-valhoh-valrom\/"},"modified":"2026-03-25T23:00:37","modified_gmt":"2026-03-25T23:00:37","slug":"filtru-micron-horeca-valhoh-valrom","status":"publish","type":"product","link":"https:\/\/triasconi.ro\/ro\/produs\/filtru-micron-horeca-valhoh-valrom\/","title":{"rendered":"FILTRU MICRON HORECA VALHOH &#8211; VALROM"},"content":{"rendered":"<p>&nbsp;<strong style=\"color: rgb(32, 18, 77); font-family: tahoma, sans-serif; font-size: small;\">MICRON<\/strong><span style=\"color: rgb(32, 18, 77); font-family: tahoma, sans-serif; font-size: small;\">&nbsp;&ndash; Sistem avansat de filtrare 0.15 micron<\/span><\/p>\n<p>\t<br style=\"color: rgb(32, 18, 77); font-family: tahoma, sans-serif; font-size: small;\" \/>\t<span style=\"color: rgb(32, 18, 77); font-family: tahoma, sans-serif; font-size: small;\">Filtrul MICRON de la Valrom este solu\u021bia ideal\u0103 pentru cei care &icirc;\u0219i doresc o ap\u0103 pur\u0103, direct de la robinet: acas\u0103, la birou sau &icirc;n spa\u021bii comerciale precum restaurante, cafenele. Proiectat pentru a fi montat &icirc;n punctele de consum (de exemplu sub chiuvet\u0103), acest sistem filtreaz\u0103 apa potabil\u0103 din re\u021belele publice, controlat\u0103 microbiologic.<\/span><br style=\"color: rgb(32, 18, 77); font-family: tahoma, sans-serif; font-size: small;\" \/>\t<br style=\"color: rgb(32, 18, 77); font-family: tahoma, sans-serif; font-size: small;\" \/>\t<span style=\"color: rgb(32, 18, 77); font-family: tahoma, sans-serif; font-size: small;\">&nbsp;<strong>Beneficii principale ale filtrului MICRON<\/strong>:<\/span><br style=\"color: rgb(32, 18, 77); font-family: tahoma, sans-serif; font-size: small;\" \/>\t<span style=\"color: rgb(32, 18, 77); font-family: tahoma, sans-serif; font-size: small;\">&nbsp;&bull; &nbsp;Asigur\u0103 ap\u0103 pur\u0103 \u0219i sigur\u0103 la nivel de 0,15 micron-f\u0103r\u0103 microplastic, rugin\u0103, n\u0103mol, mucegai \u0219i alte particulele mai mari de 0,15 microni<\/span><br style=\"color: rgb(32, 18, 77); font-family: tahoma, sans-serif; font-size: small;\" \/>\t<span style=\"color: rgb(32, 18, 77); font-family: tahoma, sans-serif; font-size: small;\">&nbsp;&bull; &nbsp;Protec\u021bie microbiologic\u0103 avansat\u0103 &#8211; ionii de argint re\u021bin 99,99% din &icirc;nc\u0103rc\u0103tura bacterian\u0103<\/span><br style=\"color: rgb(32, 18, 77); font-family: tahoma, sans-serif; font-size: small;\" \/>\t<span style=\"color: rgb(32, 18, 77); font-family: tahoma, sans-serif; font-size: small;\">&nbsp;&bull; &nbsp;Filtrul de c\u0103rbune din coaj\u0103 de nuc\u0103 de cocos &#8211; corecteaz\u0103 gustul \u0219i mirosul de clor<\/span><br style=\"color: rgb(32, 18, 77); font-family: tahoma, sans-serif; font-size: small;\" \/>\t<span style=\"color: rgb(32, 18, 77); font-family: tahoma, sans-serif; font-size: small;\">&nbsp;&bull; &nbsp;P\u0103streaz\u0103 s\u0103rurile \u0219i mineralele naturale &ndash; f\u0103r\u0103 a afecta compozi\u021bia apei<\/span><br style=\"color: rgb(32, 18, 77); font-family: tahoma, sans-serif; font-size: small;\" \/>\t<br style=\"color: rgb(32, 18, 77); font-family: tahoma, sans-serif; font-size: small;\" \/>\t<span style=\"color: rgb(32, 18, 77); font-family: tahoma, sans-serif; font-size: small;\">&nbsp;<strong>Specifica\u021bii tehnice cartu\u0219:<\/strong><\/span><br style=\"color: rgb(32, 18, 77); font-family: tahoma, sans-serif; font-size: small;\" \/>\t<span style=\"color: rgb(32, 18, 77); font-family: tahoma, sans-serif; font-size: small;\">&nbsp;&bull; Cod produs: AQUA08000016015<\/span><br style=\"color: rgb(32, 18, 77); font-family: tahoma, sans-serif; font-size: small;\" \/>\t<span style=\"color: rgb(32, 18, 77); font-family: tahoma, sans-serif; font-size: small;\">&nbsp;&bull; Dimensiuni: 79 x 385 mm<\/span><br style=\"color: rgb(32, 18, 77); font-family: tahoma, sans-serif; font-size: small;\" \/>\t<span style=\"color: rgb(32, 18, 77); font-family: tahoma, sans-serif; font-size: small;\">&nbsp;&bull; Greutate: 0.537 kg<\/span><br style=\"color: rgb(32, 18, 77); font-family: tahoma, sans-serif; font-size: small;\" \/>\t<span style=\"color: rgb(32, 18, 77); font-family: tahoma, sans-serif; font-size: small;\">&nbsp;&bull; Presiune maxim\u0103 de func\u021bionare: 7 bar<\/span><br style=\"color: rgb(32, 18, 77); font-family: tahoma, sans-serif; font-size: small;\" \/>\t<span style=\"color: rgb(32, 18, 77); font-family: tahoma, sans-serif; font-size: small;\">&nbsp;&bull; Temperatura de func\u021bionare: 3&deg;C &ndash; 30&deg;C<\/span><br style=\"color: rgb(32, 18, 77); font-family: tahoma, sans-serif; font-size: small;\" \/>\t<span style=\"color: rgb(32, 18, 77); font-family: tahoma, sans-serif; font-size: small;\">&nbsp;&bull; Pozi\u021bie de montaj: vertical\u0103<\/span><br style=\"color: rgb(32, 18, 77); font-family: tahoma, sans-serif; font-size: small;\" \/>\t<span style=\"color: rgb(32, 18, 77); font-family: tahoma, sans-serif; font-size: small;\">&nbsp;&bull; Volum ap\u0103 tratat: 10.000 litri<\/span><br style=\"color: rgb(32, 18, 77); font-family: tahoma, sans-serif; font-size: small;\" \/>\t<span style=\"color: rgb(32, 18, 77); font-family: tahoma, sans-serif; font-size: small;\">Cartu\u0219ul se &icirc;nlocuie\u0219te dup\u0103 12 luni sau mai devreme, dac\u0103 debitul scade sub 5 litri\/minut. Dac\u0103 sistemul nu este folosit timp de 3-4 s\u0103pt\u0103m&acirc;ni, se recomand\u0103 schimbarea filtrului.<\/span><br style=\"color: rgb(32, 18, 77); font-family: tahoma, sans-serif; font-size: small;\" \/>\t<br style=\"color: rgb(32, 18, 77); font-family: tahoma, sans-serif; font-size: small;\" \/>\t<span style=\"color: rgb(32, 18, 77); font-family: tahoma, sans-serif; font-size: small;\"><strong>Variante disponibile ale sistemului MICRON<\/strong>:<\/span><br style=\"color: rgb(32, 18, 77); font-family: tahoma, sans-serif; font-size: small;\" \/>\t<span style=\"color: rgb(32, 18, 77); font-family: tahoma, sans-serif; font-size: small;\">&nbsp;1. AQUA03110150150 &ndash; Pentru aplica\u021bii HoReCa<\/span><br style=\"color: rgb(32, 18, 77); font-family: tahoma, sans-serif; font-size: small;\" \/>\t<span style=\"color: rgb(32, 18, 77); font-family: tahoma, sans-serif; font-size: small;\">&nbsp;2. AQUA03110150151 &ndash; Cu baterie cu 1 cale &#8211; pentru apa filtrata<\/span><br style=\"color: rgb(32, 18, 77); font-family: tahoma, sans-serif; font-size: small;\" \/>\t<span style=\"color: rgb(32, 18, 77); font-family: tahoma, sans-serif; font-size: small;\">&nbsp;3. AQUA03110150153 &ndash; Cu baterie cu 3 c\u0103i &#8211; pentru apa filtrata, apa calda si apa rece de la retea<\/span><br style=\"color: rgb(32, 18, 77); font-family: tahoma, sans-serif; font-size: small;\" \/>\t<br style=\"color: rgb(32, 18, 77); font-family: tahoma, sans-serif; font-size: small;\" \/>\t<span style=\"color: rgb(32, 18, 77); font-family: tahoma, sans-serif; font-size: small;\">Fiecare variant\u0103 este u\u0219or de montat \u0219i se potrive\u0219te perfect at&acirc;t &icirc;n buc\u0103t\u0103rii moderne, c&acirc;t \u0219i &icirc;n spa\u021bii comerciale unde calitatea apei este esen\u021bial\u0103.<\/span><br \/>\t&nbsp;<\/p>\n<p>\t<em>Ce contine pachetul ?&nbsp; Cum se instaleaza ?<\/em><br \/>\t<em><a href=\"https:\/\/youtu.be\/gqInBtjg9mE\">https:\/\/youtu.be\/gqInBtjg9mE<\/a><\/em><br style=\"color: rgb(32, 18, 77); font-family: tahoma, sans-serif; font-size: small;\" \/>\t<br style=\"color: rgb(32, 18, 77); font-family: tahoma, sans-serif; font-size: small;\" \/>\t<strong><em><span style=\"color: rgb(32, 18, 77); font-family: tahoma, sans-serif; font-size: small;\">MICRON &ndash; ap\u0103 curat\u0103, f\u0103r\u0103 compromisuri.<\/span><\/em><\/strong><\/p>\n<p>Cantitate colet=1|UM colete=BOX|Tip articol=FILTRU|Cod vamal=84219990<\/p>","protected":false},"excerpt":{"rendered":"<p>indeparteaza impuritatile din apa cum ar fi: nisip, namol, rugina sau particule in suspensie. Caracteristici: oRealizat din polipropilena expandata (meltblown PP). oSe utilizeaza in mod uzual ca prefiltrare \/protectie. Dimensiuni: oDiametru exterior: 114 mm oDiametru interior: 28 mm Durata de utilizare: 1-3 luni, in functie de calitatea apei. Recomandat pentru filtrarea apei de baut. Cartus de unica folosinta. Atentie! oFolosit doar pentru circuitele de alimentare cu apa rece, sigure din punct de vedere microbiologic. oNU indeparteaza chimicalele din apa si nu dezinfecteaza apa. oLasati apa sa curga prin cartus minim 5 minute inainte de prima utilizare sau dupa o pauza in utilizare mai mare de 7 zile., ,<\/p>","protected":false},"featured_media":88082121808,"comment_status":"closed","ping_status":"open","template":"","meta":{"_acf_changed":false,"content-type":"","_themeisle_gutenberg_block_has_review":false},"pwb-brand":[],"product_brand":[3671],"product_cat":[1026,3761,4012,4008],"product_tag":[],"class_list":{"0":"post-88082135926","1":"product","2":"type-product","3":"status-publish","4":"has-post-thumbnail","6":"product_brand-valhoh","7":"product_cat-filtrare","8":"product_cat-filtre-apa-micron","9":"product_cat-filtre-sisteme-filtrare-apa","10":"product_cat-valhoh","12":"first","13":"instock","14":"taxable","15":"shipping-taxable","16":"purchasable","17":"product-type-simple"},"acf":[],"brands":[],"_links":{"self":[{"href":"https:\/\/triasconi.ro\/ro\/wp-json\/wp\/v2\/product\/88082135926","targetHints":{"allow":["GET"]}}],"collection":[{"href":"https:\/\/triasconi.ro\/ro\/wp-json\/wp\/v2\/product"}],"about":[{"href":"https:\/\/triasconi.ro\/ro\/wp-json\/wp\/v2\/types\/product"}],"replies":[{"embeddable":true,"href":"https:\/\/triasconi.ro\/ro\/wp-json\/wp\/v2\/comments?post=88082135926"}],"wp:featuredmedia":[{"embeddable":true,"href":"https:\/\/triasconi.ro\/ro\/wp-json\/wp\/v2\/media\/88082121808"}],"wp:attachment":[{"href":"https:\/\/triasconi.ro\/ro\/wp-json\/wp\/v2\/media?parent=88082135926"}],"wp:term":[{"taxonomy":"pwb-brand","embeddable":true,"href":"https:\/\/triasconi.ro\/ro\/wp-json\/wp\/v2\/pwb-brand?post=88082135926"},{"taxonomy":"product_brand","embeddable":true,"href":"https:\/\/triasconi.ro\/ro\/wp-json\/wp\/v2\/product_brand?post=88082135926"},{"taxonomy":"product_cat","embeddable":true,"href":"https:\/\/triasconi.ro\/ro\/wp-json\/wp\/v2\/product_cat?post=88082135926"},{"taxonomy":"product_tag","embeddable":true,"href":"https:\/\/triasconi.ro\/ro\/wp-json\/wp\/v2\/product_tag?post=88082135926"}],"curies":[{"name":"wp","href":"https:\/\/api.w.org\/{rel}","templated":true}]}}