{"id":88082133775,"date":"2026-03-25T22:30:34","date_gmt":"2026-03-25T22:30:34","guid":{"rendered":"https:\/\/triasconi.ro\/product\/canal-modular-valrain-jos-200x100x500-valrom\/"},"modified":"2026-03-25T22:30:35","modified_gmt":"2026-03-25T22:30:35","slug":"canal-modular-valrain-jos-200x100x500-valrom","status":"publish","type":"product","link":"https:\/\/triasconi.ro\/ro\/produs\/canal-modular-valrain-jos-200x100x500-valrom\/","title":{"rendered":"CANAL MODULAR VALRain JOS 200x100x500 &#8211; VALROM"},"content":{"rendered":"<p>Cantitate colet=20|UM colete=BOX|Diametru=200|Tip articol=CANAL|Cod vamal=39269097<\/p>","protected":false},"excerpt":{"rendered":"<p>Canalele modulare PP 200x100x500 mm sunt componente pentru preluarea apelor de pe suprafe\u021be din zona bazinelor piscinelor, locuin\u021belor. Montarea lor se face numai \u00een zone pietonale. Se monteaz\u0103 pe  ciment \u0219i \u00eenglobat \u00een ciment.<br \/>Date tehnice:<br \/>EN1433<br \/>Materiale:PVC<br \/>Culoare: gri<br \/>Dimensiuni: 210* 115 *500 mm<br \/>Canalul, \u00een caz de nevoie, poate fi t\u0103iat cu fier\u0103str\u0103u cu din\u021bi fini, pe el sunt date marcaje de t\u0103iere din 10 in 10 cm . Canalul se monteaz\u0103 pe pat de ciment \u0219i \u00eenglobat \u00een ciment.<br \/>Accesorii op\u021bionale (se livreaz\u0103 la cerere):<br \/>-grilaj piscin\u0103  200 x 500 mm-  cod 80111200001<br \/>-grilaj ramforsat  200&#215;500 mm -cod 80111200002<br \/>-racord de cap\u0103t 200&#215;100 D 75\/80 &#8211;  cod 80131200100<br \/>, ,<\/p>","protected":false},"featured_media":0,"comment_status":"closed","ping_status":"open","template":"","meta":{"_acf_changed":false,"content-type":"","_themeisle_gutenberg_block_has_review":false},"pwb-brand":[],"product_brand":[3350],"product_cat":[3974,3973,160,3894],"product_tag":[],"class_list":{"0":"post-88082133775","1":"product","2":"type-product","3":"status-publish","5":"product_brand-valrain","6":"product_cat-canale-pluviale","7":"product_cat-canale-accesorii-canalizare-pluviala","8":"product_cat-canalizare","9":"product_cat-valrain","11":"first","12":"instock","13":"taxable","14":"shipping-taxable","15":"purchasable","16":"product-type-simple"},"acf":[],"brands":[],"_links":{"self":[{"href":"https:\/\/triasconi.ro\/ro\/wp-json\/wp\/v2\/product\/88082133775","targetHints":{"allow":["GET"]}}],"collection":[{"href":"https:\/\/triasconi.ro\/ro\/wp-json\/wp\/v2\/product"}],"about":[{"href":"https:\/\/triasconi.ro\/ro\/wp-json\/wp\/v2\/types\/product"}],"replies":[{"embeddable":true,"href":"https:\/\/triasconi.ro\/ro\/wp-json\/wp\/v2\/comments?post=88082133775"}],"wp:attachment":[{"href":"https:\/\/triasconi.ro\/ro\/wp-json\/wp\/v2\/media?parent=88082133775"}],"wp:term":[{"taxonomy":"pwb-brand","embeddable":true,"href":"https:\/\/triasconi.ro\/ro\/wp-json\/wp\/v2\/pwb-brand?post=88082133775"},{"taxonomy":"product_brand","embeddable":true,"href":"https:\/\/triasconi.ro\/ro\/wp-json\/wp\/v2\/product_brand?post=88082133775"},{"taxonomy":"product_cat","embeddable":true,"href":"https:\/\/triasconi.ro\/ro\/wp-json\/wp\/v2\/product_cat?post=88082133775"},{"taxonomy":"product_tag","embeddable":true,"href":"https:\/\/triasconi.ro\/ro\/wp-json\/wp\/v2\/product_tag?post=88082133775"}],"curies":[{"name":"wp","href":"https:\/\/api.w.org\/{rel}","templated":true}]}}