{"id":88082133771,"date":"2026-03-25T22:30:15","date_gmt":"2026-03-25T22:30:15","guid":{"rendered":"https:\/\/triasconi.ro\/product\/canal-modular-valrain-pp-inalt-130x145x500-valrom\/"},"modified":"2026-03-25T22:30:27","modified_gmt":"2026-03-25T22:30:27","slug":"canal-modular-valrain-pp-inalt-130x145x500-valrom","status":"publish","type":"product","link":"https:\/\/triasconi.ro\/ro\/produs\/canal-modular-valrain-pp-inalt-130x145x500-valrom\/","title":{"rendered":"CANAL MODULAR VALRain PP INALT 130x145x500 &#8211; VALROM"},"content":{"rendered":"<p>Material=PP|Cantitate colet=5|UM colete=BOX|Tip articol=CANAL|Cod vamal=39269097<\/p>","protected":false},"excerpt":{"rendered":"<p>Canalele modulare PP 130x145x500 sunt componente pentru preluarea apelor de pe suprafe\u021be din zona bazinelor piscinelor, locuin\u021belor. Montarea lor se face numai \u00een zone pietonale<br \/>Date tehnice:<br \/>-Materiale:PP<br \/>-Culoare: gri<br \/>-Dimensiuni: 130 x 145 x500 mm<br \/>Canalul, \u00een caz de nevoie, poate fi t\u0103iat cu fier\u0103str\u0103u cu din\u021bi fini, pe el sunt date marcaje de t\u0103iere din 10 in 10 cm .<br \/>Canalul se monteaz\u0103 pe pat de ciment \u0219i \u00eenglobat \u00een ciment.<br \/>Accesorii op\u021bionale (se livreaz\u0103 la cerere):<br \/>&#8211; grilaj PP 130&#215;500, capacitatea de preluare: 1,9 l\/s  &#8211;  cod 80111130000<br \/>-grilaj ranforsat , capacitatea de preluare: 2,1l\/s &#8211; Cod: 80111130002<br \/>-racord de cap\u0103t 130 x150,DN100 &#8211;  cod 80131130150., ,<\/p>","protected":false},"featured_media":88082117911,"comment_status":"closed","ping_status":"open","template":"","meta":{"_acf_changed":false,"content-type":"","_themeisle_gutenberg_block_has_review":false},"pwb-brand":[],"product_brand":[3350],"product_cat":[3974,3973,160,3894],"product_tag":[],"class_list":{"0":"post-88082133771","1":"product","2":"type-product","3":"status-publish","4":"has-post-thumbnail","6":"product_brand-valrain","7":"product_cat-canale-pluviale","8":"product_cat-canale-accesorii-canalizare-pluviala","9":"product_cat-canalizare","10":"product_cat-valrain","12":"first","13":"instock","14":"taxable","15":"shipping-taxable","16":"purchasable","17":"product-type-simple"},"acf":[],"brands":[],"_links":{"self":[{"href":"https:\/\/triasconi.ro\/ro\/wp-json\/wp\/v2\/product\/88082133771","targetHints":{"allow":["GET"]}}],"collection":[{"href":"https:\/\/triasconi.ro\/ro\/wp-json\/wp\/v2\/product"}],"about":[{"href":"https:\/\/triasconi.ro\/ro\/wp-json\/wp\/v2\/types\/product"}],"replies":[{"embeddable":true,"href":"https:\/\/triasconi.ro\/ro\/wp-json\/wp\/v2\/comments?post=88082133771"}],"wp:featuredmedia":[{"embeddable":true,"href":"https:\/\/triasconi.ro\/ro\/wp-json\/wp\/v2\/media\/88082117911"}],"wp:attachment":[{"href":"https:\/\/triasconi.ro\/ro\/wp-json\/wp\/v2\/media?parent=88082133771"}],"wp:term":[{"taxonomy":"pwb-brand","embeddable":true,"href":"https:\/\/triasconi.ro\/ro\/wp-json\/wp\/v2\/pwb-brand?post=88082133771"},{"taxonomy":"product_brand","embeddable":true,"href":"https:\/\/triasconi.ro\/ro\/wp-json\/wp\/v2\/product_brand?post=88082133771"},{"taxonomy":"product_cat","embeddable":true,"href":"https:\/\/triasconi.ro\/ro\/wp-json\/wp\/v2\/product_cat?post=88082133771"},{"taxonomy":"product_tag","embeddable":true,"href":"https:\/\/triasconi.ro\/ro\/wp-json\/wp\/v2\/product_tag?post=88082133771"}],"curies":[{"name":"wp","href":"https:\/\/api.w.org\/{rel}","templated":true}]}}