{"id":88082127358,"date":"2026-03-25T21:06:11","date_gmt":"2026-03-25T21:06:11","guid":{"rendered":"https:\/\/triasconi.ro\/product\/tub-valspring-pvc-pt-puturi-cu-filet-r16-d-125-l3m-valrom\/"},"modified":"2026-03-25T21:06:13","modified_gmt":"2026-03-25T21:06:13","slug":"tub-valspring-pvc-pt-puturi-cu-filet-r16-d-125-l3m-valrom","status":"publish","type":"product","link":"https:\/\/triasconi.ro\/ro\/produs\/tub-valspring-pvc-pt-puturi-cu-filet-r16-d-125-l3m-valrom\/","title":{"rendered":"TUB VALSpring PVC PT. PUTURI CU FILET R16 D.125 L3M &#8211; VALROM"},"content":{"rendered":"<p>Tip articol=TUB|UM colete=BOX|Diametru=125|Material=PVC|Perioada garantie=60 Luni|Durata estimata de viata=50 Ani|Lungime=3 m|Presiune nominala=16 bar|Grosime=9.3 mm|Cod vamal=39172310|Cantitate colet=54|Ambalare=PACHETE PROTEJATE CU RAME LEMN|Fanta=0 mm|Unghi=0 Grade|Tip Valplast=TUB APA PUT CU FILET|Clasa de rezistenta=16|Cod CPV=CPV 44163100-1<\/p>","protected":false},"excerpt":{"rendered":"<p>Tuburile din PVC-U VALSpring pentru puturi fabricate de Valrom Industrie se utilizeaza pentru tubarea puturilor in scopul extragerii de apa potabila, epuismente sau pentru foraje de monitorizare.<br \/>Tevile se imbina prin filet.<br \/>Adancimea maxima de montare este de 300 m. Suplimentar se va avea in vedere ca \u00een timpul echiparii si curatirii forajului si \u00een exploatare sa nu se depaseasc\u0103 diferen\u021ba de nivel de 120 m intre nivelul lichidului in tub si nivelul lichidului (apa, amestec apa \u2013 bentonita \u2013 noroi, etc.) de la exteriorul tubului., 60 Luni,<\/p>","protected":false},"featured_media":88082106227,"comment_status":"closed","ping_status":"open","template":"","meta":{"_acf_changed":false,"content-type":"","_themeisle_gutenberg_block_has_review":false},"pwb-brand":[],"product_brand":[2841],"product_cat":[452,3846,3837],"product_tag":[],"class_list":{"0":"post-88082127358","1":"product","2":"type-product","3":"status-publish","4":"has-post-thumbnail","6":"product_brand-valspring","7":"product_cat-apa","8":"product_cat-tevi-pvc-put-apa","9":"product_cat-valspring","11":"first","12":"instock","13":"taxable","14":"shipping-taxable","15":"purchasable","16":"product-type-simple"},"acf":[],"brands":[],"_links":{"self":[{"href":"https:\/\/triasconi.ro\/ro\/wp-json\/wp\/v2\/product\/88082127358","targetHints":{"allow":["GET"]}}],"collection":[{"href":"https:\/\/triasconi.ro\/ro\/wp-json\/wp\/v2\/product"}],"about":[{"href":"https:\/\/triasconi.ro\/ro\/wp-json\/wp\/v2\/types\/product"}],"replies":[{"embeddable":true,"href":"https:\/\/triasconi.ro\/ro\/wp-json\/wp\/v2\/comments?post=88082127358"}],"wp:featuredmedia":[{"embeddable":true,"href":"https:\/\/triasconi.ro\/ro\/wp-json\/wp\/v2\/media\/88082106227"}],"wp:attachment":[{"href":"https:\/\/triasconi.ro\/ro\/wp-json\/wp\/v2\/media?parent=88082127358"}],"wp:term":[{"taxonomy":"pwb-brand","embeddable":true,"href":"https:\/\/triasconi.ro\/ro\/wp-json\/wp\/v2\/pwb-brand?post=88082127358"},{"taxonomy":"product_brand","embeddable":true,"href":"https:\/\/triasconi.ro\/ro\/wp-json\/wp\/v2\/product_brand?post=88082127358"},{"taxonomy":"product_cat","embeddable":true,"href":"https:\/\/triasconi.ro\/ro\/wp-json\/wp\/v2\/product_cat?post=88082127358"},{"taxonomy":"product_tag","embeddable":true,"href":"https:\/\/triasconi.ro\/ro\/wp-json\/wp\/v2\/product_tag?post=88082127358"}],"curies":[{"name":"wp","href":"https:\/\/api.w.org\/{rel}","templated":true}]}}