{"id":88082127236,"date":"2026-03-25T21:04:43","date_gmt":"2026-03-25T21:04:43","guid":{"rendered":"https:\/\/triasconi.ro\/product\/tub-valspring-pvc-pt-puturi-cu-filet-r10-d-280-l5m-valrom\/"},"modified":"2026-03-25T21:04:45","modified_gmt":"2026-03-25T21:04:45","slug":"tub-valspring-pvc-pt-puturi-cu-filet-r10-d-280-l5m-valrom","status":"publish","type":"product","link":"https:\/\/triasconi.ro\/ro\/produs\/tub-valspring-pvc-pt-puturi-cu-filet-r10-d-280-l5m-valrom\/","title":{"rendered":"TUB VALSpring PVC PT. PUTURI CU FILET R10 D.280 L5M &#8211; VALROM"},"content":{"rendered":"<p>Tip articol=TUB|UM colete=BOX|Cantitate colet=8|Diametru=280|Material=PVC|Presiune nominala=10 bar|Lungime=5 m|Cod vamal=39172310|Fanta=0 mm|Unghi=0 Grade|Clasa de rezistenta=10|Cod CPV=CPV 44163100-1<\/p>","protected":false},"excerpt":{"rendered":"<p>Tuburile din PVC-U VALSpring pentru puturi fabricate de Valrom Industrie se utilizeaza pentru tubarea puturilor in scopul extragerii de apa potabila, epuismente sau pentru foraje de monitorizare.<br \/>Tevile se imbina prin filet.<br \/>Adancimea maxima de montare este de 90 m. Suplimentar se va avea in vedere ca \u00een timpul echiparii si curatirii forajului si \u00een exploatare sa nu se depaseasc\u0103 diferen\u021ba de nivel de 30 m intre nivelul lichidului in tub si nivelul lichidului (apa, amestec apa \u2013 bentonita \u2013 noroi, etc.) de la exteriorul tubului., ,<\/p>","protected":false},"featured_media":88082105989,"comment_status":"closed","ping_status":"open","template":"","meta":{"_acf_changed":false,"content-type":"","_themeisle_gutenberg_block_has_review":false},"pwb-brand":[],"product_brand":[2841],"product_cat":[452,3846,3837],"product_tag":[],"class_list":{"0":"post-88082127236","1":"product","2":"type-product","3":"status-publish","4":"has-post-thumbnail","6":"product_brand-valspring","7":"product_cat-apa","8":"product_cat-tevi-pvc-put-apa","9":"product_cat-valspring","11":"first","12":"instock","13":"taxable","14":"shipping-taxable","15":"purchasable","16":"product-type-simple"},"acf":[],"brands":[],"_links":{"self":[{"href":"https:\/\/triasconi.ro\/ro\/wp-json\/wp\/v2\/product\/88082127236","targetHints":{"allow":["GET"]}}],"collection":[{"href":"https:\/\/triasconi.ro\/ro\/wp-json\/wp\/v2\/product"}],"about":[{"href":"https:\/\/triasconi.ro\/ro\/wp-json\/wp\/v2\/types\/product"}],"replies":[{"embeddable":true,"href":"https:\/\/triasconi.ro\/ro\/wp-json\/wp\/v2\/comments?post=88082127236"}],"wp:featuredmedia":[{"embeddable":true,"href":"https:\/\/triasconi.ro\/ro\/wp-json\/wp\/v2\/media\/88082105989"}],"wp:attachment":[{"href":"https:\/\/triasconi.ro\/ro\/wp-json\/wp\/v2\/media?parent=88082127236"}],"wp:term":[{"taxonomy":"pwb-brand","embeddable":true,"href":"https:\/\/triasconi.ro\/ro\/wp-json\/wp\/v2\/pwb-brand?post=88082127236"},{"taxonomy":"product_brand","embeddable":true,"href":"https:\/\/triasconi.ro\/ro\/wp-json\/wp\/v2\/product_brand?post=88082127236"},{"taxonomy":"product_cat","embeddable":true,"href":"https:\/\/triasconi.ro\/ro\/wp-json\/wp\/v2\/product_cat?post=88082127236"},{"taxonomy":"product_tag","embeddable":true,"href":"https:\/\/triasconi.ro\/ro\/wp-json\/wp\/v2\/product_tag?post=88082127236"}],"curies":[{"name":"wp","href":"https:\/\/api.w.org\/{rel}","templated":true}]}}